{"id":2325,"date":"2018-02-15T12:23:45","date_gmt":"2018-02-15T11:23:45","guid":{"rendered":"https:\/\/www.babyshell.fr\/find-us\/"},"modified":"2018-12-31T15:54:55","modified_gmt":"2018-12-31T14:54:55","slug":"find-us","status":"publish","type":"page","link":"https:\/\/www.babyshell.fr\/en\/find-us\/","title":{"rendered":"Find us!"},"content":{"rendered":"<h2><strong>Shops and\u00a0pharmacies where you can find your breastfeeding Baby Shell<\/strong><\/h2>\n<div class=\"entry-content clearfix\">\n<div class=\"entry-content clearfix\"><\/div>\n<\/div>\n","protected":false},"excerpt":{"rendered":"<p>Shops and\u00a0pharmacies where you can find your breastfeeding Baby Shell<\/p>\n","protected":false},"author":2,"featured_media":0,"parent":0,"menu_order":0,"comment_status":"closed","ping_status":"closed","template":"locations.php","meta":{"_acf_changed":false,"footnotes":""},"class_list":["post-2325","page","type-page","status-publish","hentry"],"acf":[],"yoast_head":"<!-- This site is optimized with the Yoast SEO plugin v27.2 - https:\/\/yoast.com\/product\/yoast-seo-wordpress\/ -->\n<title>BABY SHELL - 26,90\u20ac The French Breastfeeding shell - nursing shell<\/title>\n<meta name=\"description\" content=\"You can find your BABY SHELL (Breastfeeding - nursing shell) in many pharmacies and shops in France, Canada, Switzerlan, Liban, Australia, Guyana....\" \/>\n<meta name=\"robots\" content=\"index, follow, max-snippet:-1, max-image-preview:large, max-video-preview:-1\" \/>\n<link rel=\"canonical\" href=\"https:\/\/www.babyshell.fr\/en\/find-us\/\" \/>\n<meta property=\"og:locale\" content=\"en_US\" \/>\n<meta property=\"og:type\" content=\"article\" \/>\n<meta property=\"og:title\" content=\"BABY SHELL - 26,90\u20ac The French Breastfeeding shell - nursing shell\" \/>\n<meta property=\"og:description\" content=\"de NOUVEAU points de vente Baby Shell en SUISSE et au CANADA et en FRANCE \u00e0 Lyon (boutique SYMBIOZA), Bordeaux (pharmacie MONTSOURIS), Echirolles (ESPACE MEDICAL), Fenay (UN SOLEIL DANS MON VENTRE), Antonye (TETARD &amp; NENUPHAR) ! et toujours dans de nombreuses pharmacies et magasin \u00e0 Nice, Cannes, Antibes, Grenoble, Anglet, Saint Laurent du Var, Menton, Mandelieu .... et dans les boutiques B\u00e9b\u00e9 NEUF! Les BABY SHELL sont disponibles \u00e0 24,90\u20ac en 3 tailles disponibles (Small - M\u00e9dium - Large) et sur mesure sur demande.\" \/>\n<meta property=\"og:url\" content=\"https:\/\/www.babyshell.fr\/en\/find-us\/\" \/>\n<meta property=\"og:site_name\" content=\"Baby Shell\" \/>\n<meta property=\"article:modified_time\" content=\"2018-12-31T14:54:55+00:00\" \/>\n<meta name=\"twitter:card\" content=\"summary_large_image\" \/>\n<meta name=\"twitter:title\" content=\"Coquillage d&#039;allaitement BABY SHELL - 24,90\u20ac en pharmacies et magasins pour b\u00e9b\u00e9 ! Bient\u00f4t sur Paris et sur Lyon\" \/>\n<meta name=\"twitter:description\" content=\"NOUVEAU points de vente pour les coquillages d&#039;allaitement Baby Shell\" \/>\n<script type=\"application\/ld+json\" class=\"yoast-schema-graph\">{\"@context\":\"https:\/\/schema.org\",\"@graph\":[{\"@type\":\"WebPage\",\"@id\":\"https:\/\/www.babyshell.fr\/en\/find-us\/\",\"url\":\"https:\/\/www.babyshell.fr\/en\/find-us\/\",\"name\":\"BABY SHELL - 26,90\u20ac The French Breastfeeding shell - nursing shell\",\"isPartOf\":{\"@id\":\"https:\/\/www.babyshell.fr\/#website\"},\"datePublished\":\"2018-02-15T11:23:45+00:00\",\"dateModified\":\"2018-12-31T14:54:55+00:00\",\"description\":\"You can find your BABY SHELL (Breastfeeding - nursing shell) in many pharmacies and shops in France, Canada, Switzerlan, Liban, Australia, Guyana....\",\"breadcrumb\":{\"@id\":\"https:\/\/www.babyshell.fr\/en\/find-us\/#breadcrumb\"},\"inLanguage\":\"en-US\",\"potentialAction\":[{\"@type\":\"ReadAction\",\"target\":[\"https:\/\/www.babyshell.fr\/en\/find-us\/\"]}]},{\"@type\":\"BreadcrumbList\",\"@id\":\"https:\/\/www.babyshell.fr\/en\/find-us\/#breadcrumb\",\"itemListElement\":[{\"@type\":\"ListItem\",\"position\":1,\"name\":\"Accueil\",\"item\":\"https:\/\/www.babyshell.fr\/en\/\"},{\"@type\":\"ListItem\",\"position\":2,\"name\":\"Find us!\"}]},{\"@type\":\"WebSite\",\"@id\":\"https:\/\/www.babyshell.fr\/#website\",\"url\":\"https:\/\/www.babyshell.fr\/\",\"name\":\"Baby Shell\",\"description\":\"Breastfeeding shell\",\"potentialAction\":[{\"@type\":\"SearchAction\",\"target\":{\"@type\":\"EntryPoint\",\"urlTemplate\":\"https:\/\/www.babyshell.fr\/?s={search_term_string}\"},\"query-input\":{\"@type\":\"PropertyValueSpecification\",\"valueRequired\":true,\"valueName\":\"search_term_string\"}}],\"inLanguage\":\"en-US\"}]}<\/script>\n<!-- \/ Yoast SEO plugin. -->","yoast_head_json":{"title":"BABY SHELL - 26,90\u20ac The French Breastfeeding shell - nursing shell","description":"You can find your BABY SHELL (Breastfeeding - nursing shell) in many pharmacies and shops in France, Canada, Switzerlan, Liban, Australia, Guyana....","robots":{"index":"index","follow":"follow","max-snippet":"max-snippet:-1","max-image-preview":"max-image-preview:large","max-video-preview":"max-video-preview:-1"},"canonical":"https:\/\/www.babyshell.fr\/en\/find-us\/","og_locale":"en_US","og_type":"article","og_title":"BABY SHELL - 26,90\u20ac The French Breastfeeding shell - nursing shell","og_description":"de NOUVEAU points de vente Baby Shell en SUISSE et au CANADA et en FRANCE \u00e0 Lyon (boutique SYMBIOZA), Bordeaux (pharmacie MONTSOURIS), Echirolles (ESPACE MEDICAL), Fenay (UN SOLEIL DANS MON VENTRE), Antonye (TETARD & NENUPHAR) ! et toujours dans de nombreuses pharmacies et magasin \u00e0 Nice, Cannes, Antibes, Grenoble, Anglet, Saint Laurent du Var, Menton, Mandelieu .... et dans les boutiques B\u00e9b\u00e9 NEUF! Les BABY SHELL sont disponibles \u00e0 24,90\u20ac en 3 tailles disponibles (Small - M\u00e9dium - Large) et sur mesure sur demande.","og_url":"https:\/\/www.babyshell.fr\/en\/find-us\/","og_site_name":"Baby Shell","article_modified_time":"2018-12-31T14:54:55+00:00","twitter_card":"summary_large_image","twitter_title":"Coquillage d'allaitement BABY SHELL - 24,90\u20ac en pharmacies et magasins pour b\u00e9b\u00e9 ! Bient\u00f4t sur Paris et sur Lyon","twitter_description":"NOUVEAU points de vente pour les coquillages d'allaitement Baby Shell","schema":{"@context":"https:\/\/schema.org","@graph":[{"@type":"WebPage","@id":"https:\/\/www.babyshell.fr\/en\/find-us\/","url":"https:\/\/www.babyshell.fr\/en\/find-us\/","name":"BABY SHELL - 26,90\u20ac The French Breastfeeding shell - nursing shell","isPartOf":{"@id":"https:\/\/www.babyshell.fr\/#website"},"datePublished":"2018-02-15T11:23:45+00:00","dateModified":"2018-12-31T14:54:55+00:00","description":"You can find your BABY SHELL (Breastfeeding - nursing shell) in many pharmacies and shops in France, Canada, Switzerlan, Liban, Australia, Guyana....","breadcrumb":{"@id":"https:\/\/www.babyshell.fr\/en\/find-us\/#breadcrumb"},"inLanguage":"en-US","potentialAction":[{"@type":"ReadAction","target":["https:\/\/www.babyshell.fr\/en\/find-us\/"]}]},{"@type":"BreadcrumbList","@id":"https:\/\/www.babyshell.fr\/en\/find-us\/#breadcrumb","itemListElement":[{"@type":"ListItem","position":1,"name":"Accueil","item":"https:\/\/www.babyshell.fr\/en\/"},{"@type":"ListItem","position":2,"name":"Find us!"}]},{"@type":"WebSite","@id":"https:\/\/www.babyshell.fr\/#website","url":"https:\/\/www.babyshell.fr\/","name":"Baby Shell","description":"Breastfeeding shell","potentialAction":[{"@type":"SearchAction","target":{"@type":"EntryPoint","urlTemplate":"https:\/\/www.babyshell.fr\/?s={search_term_string}"},"query-input":{"@type":"PropertyValueSpecification","valueRequired":true,"valueName":"search_term_string"}}],"inLanguage":"en-US"}]}},"_links":{"self":[{"href":"https:\/\/www.babyshell.fr\/en\/wp-json\/wp\/v2\/pages\/2325","targetHints":{"allow":["GET"]}}],"collection":[{"href":"https:\/\/www.babyshell.fr\/en\/wp-json\/wp\/v2\/pages"}],"about":[{"href":"https:\/\/www.babyshell.fr\/en\/wp-json\/wp\/v2\/types\/page"}],"author":[{"embeddable":true,"href":"https:\/\/www.babyshell.fr\/en\/wp-json\/wp\/v2\/users\/2"}],"replies":[{"embeddable":true,"href":"https:\/\/www.babyshell.fr\/en\/wp-json\/wp\/v2\/comments?post=2325"}],"version-history":[{"count":5,"href":"https:\/\/www.babyshell.fr\/en\/wp-json\/wp\/v2\/pages\/2325\/revisions"}],"predecessor-version":[{"id":4178,"href":"https:\/\/www.babyshell.fr\/en\/wp-json\/wp\/v2\/pages\/2325\/revisions\/4178"}],"wp:attachment":[{"href":"https:\/\/www.babyshell.fr\/en\/wp-json\/wp\/v2\/media?parent=2325"}],"curies":[{"name":"wp","href":"https:\/\/api.w.org\/{rel}","templated":true}]}}