{"id":21880,"date":"2024-01-04T16:21:06","date_gmt":"2024-01-04T15:21:06","guid":{"rendered":"https:\/\/www.babyshell.fr\/?post_type=product&#038;p=21880"},"modified":"2026-02-06T00:02:22","modified_gmt":"2026-02-05T23:02:22","slug":"breastfeeding-shell-copie-2","status":"publish","type":"product","link":"https:\/\/www.babyshell.fr\/en\/produit\/breastfeeding-shell-copie-2\/","title":{"rendered":"Breastfeeding shell + Pads + Neobulle Oil"},"content":{"rendered":"<p>100% natural, come from the bottom of the oceans and carefully polished, breast shells are nipple protectors that relieve and reduce many inconveniences related to breastfeeding (warming, hyper-sensitivity, irritation, cracks &#8230;).<\/p>\n<p>Breast shells are sold in pairs in a small linen pouch.<br \/>\nIt is a 100% natural product, so they are all different in size, color and shape. Some may have small irregularities, which makes their authenticity (they should not be embarrassing).<\/p>\n<p><strong>CHOOSING YOUR SIZE<\/strong><\/p>\n<p>We recommend that you choose your size according to that of your areola. For Small and Medium size, do not hesitate to take a little wider than your areola, however, for Size Large and custom, the shell becomes heavier, it is recommended not necessarily cover the entire areola . Do not hesitate to contact us directly so that we advise you the best (06 62 27 22 01).<\/p>\n<p>SMALL: Areola under 5cm (shells between 5 and 5,5cm)<br \/>\nMEDIUM: Areola between 5 and 6cm (shells between 5,5 and 6cm)<br \/>\nBIG: Areola between 6 and 7cm (shells between 6 and 7cm)<\/p>\n<p>CUSTOM: Areola up to 7cm (shells between 7 and 8cm)<br \/>\nWe can provide you with a bespoke pair (asymmetric, beyond 7cm, more or less shapely &#8230;) &#8211; If the size does not suit you, we exchange the shells for free (except return fees).<\/p>\n<p><a href=\"https:\/\/www.babyshell.fr\/wp-content\/uploads\/2019\/01\/Capture-d\u2019\u00e9cran-2019-01-14-\u00e0-11.44.50.png\"><img loading=\"lazy\" decoding=\"async\" class=\"alignnone size-medium wp-image-4281\" src=\"https:\/\/www.babyshell.fr\/wp-content\/uploads\/2019\/01\/Capture-d\u2019\u00e9cran-2019-01-14-\u00e0-11.44.50-300x199.png\" alt=\"\" width=\"300\" height=\"199\" srcset=\"https:\/\/www.babyshell.fr\/wp-content\/uploads\/2019\/01\/Capture-d\u2019\u00e9cran-2019-01-14-\u00e0-11.44.50-300x199.png 300w, https:\/\/www.babyshell.fr\/wp-content\/uploads\/2019\/01\/Capture-d\u2019\u00e9cran-2019-01-14-\u00e0-11.44.50-400x265.png 400w, https:\/\/www.babyshell.fr\/wp-content\/uploads\/2019\/01\/Capture-d\u2019\u00e9cran-2019-01-14-\u00e0-11.44.50-768x509.png 768w, https:\/\/www.babyshell.fr\/wp-content\/uploads\/2019\/01\/Capture-d\u2019\u00e9cran-2019-01-14-\u00e0-11.44.50-1024x678.png 1024w, https:\/\/www.babyshell.fr\/wp-content\/uploads\/2019\/01\/Capture-d\u2019\u00e9cran-2019-01-14-\u00e0-11.44.50.png 1412w\" sizes=\"auto, (max-width: 300px) 100vw, 300px\" \/><\/a><\/p>\n<p>The plane is the brown, round, flat part that surrounds the nipple<\/p>\n<p><strong>DESCRIPTION<\/strong><\/p>\n<p>The BABY SHELL Nipple Protector is a shell made of mother-of-pearl inside and is 100% natural.<\/p>\n<p>The breastfeeding shell is placed directly on the breasts and is held by the bra.<\/p>\n<p>Real natural shield, its role is to protect you and limit some discomfort of breastfeeding and especially that of rubbing under and put the tips of breasts cool! The soft touch of mother-of-pearl does provide an immediate sensation of freshness, often perceived as soothing (according to many testimonials).<\/p>\n<p>A few drops of breast milk poured into the hollow of the breast-feeding shell allow the nipples to bathe in it and thus benefit from its benefits.<\/p>\n<p>If a skincare cream is used, it stays in contact with the nipple without the risk of staining your clothes.<\/p>\n<p>The shell contains small losses of milk. It is therefore used for milk collection. For significant losses, place a breast pad over the shell.<\/p>\n<p>The breast shell is reusable after simple regular washing (be careful not to boil).<\/p>\n<p>Use the shell on healthy skin and wash your nipples before breastfeeding.<\/p>\n<p>100% natural, they are carefully polished, then checked, calibrated and packaged manually in France.<\/p>\n<p>The shells come from natural environments and come from different collection points located in Asia and the South Pacific.<\/p>\n<p><strong>SUGGESTIONS FOR USE<\/strong><\/p>\n<ul>\n<li>Wash before the first use, then regularly with water with a mild soap and rinse well with clear water.<\/li>\n<li>Do not boil the shells and do not let cleaning products stagnate in them.<\/li>\n<li>The breastfeeding shell should be used on healthy skin.<\/li>\n<li>Do not sleep with them and avoid wearing them all day, even if you feel more beautiful with them! In fact, you risk sleeping by pressing on the shell that will then press the nipple and cause the rise of milk between feedings.<\/li>\n<li>In case of redness, feeling of pressure it is likely that the size is not the right one. Contact us for an exchange.<\/li>\n<li>In case of cracks, fungal infections or infections, consult quickly with your midwife or health professional who alone can determine the cause and help you treat it. It is important to adopt a good position during feedings to warn you of the risk of cracks.<\/li>\n<li>Remove the shell and wash your nipples before breastfeeding your baby.<\/li>\n<li>Do not use if you are allergic to mother-of-pearl or shellfish.<\/li>\n<li>Do not used if they are damaged.<\/li>\n<li>Do not leave within reach of baby and children.<\/li>\n<\/ul>\n<p><em>Product manufactured and distributed by Baby Shell \u00a9<br \/>\nDM Class I &#8211; DE 93\/42 \/ CEE<\/em><\/p>\n<p>All photos on this website are non-contractual and do not represent the exact size and colour of your Babyshell breastfeeding shells. Babyshell is 100% natural so there is variability in each product.<\/p>\n","protected":false},"excerpt":{"rendered":"<p>100% natural, come from the bottom of the oceans and carefully polished, breast shells are nipple protectors that relieve and reduce many inconveniences related to breastfeeding (warming, hyper-sensitivity, irritation, cracks &#8230;). Breast shells are sold in pairs in a small linen pouch. It is a 100% natural product, so they are all different in size, [&hellip;]<\/p>\n","protected":false},"featured_media":38512,"comment_status":"open","ping_status":"closed","template":"","meta":{"_acf_changed":false},"product_brand":[],"product_cat":[85,188,189,187],"product_tag":[70,81,71,80,88,89],"class_list":{"0":"post-21880","1":"product","2":"type-product","3":"status-publish","4":"has-post-thumbnail","6":"product_cat-coquillage-dallaitement-en","7":"product_cat-post-partum-en","8":"product_cat-braderie-soldes-en","9":"product_cat-tous-nos-produits-en","10":"product_tag-allaitement-en","11":"product_tag-allaitement-maternel-en","12":"product_tag-baby-shell-en","13":"product_tag-coquillage-en","14":"product_tag-coquillage-dallaitement-en","15":"product_tag-coquillages-en","17":"first","18":"instock","19":"featured","20":"taxable","21":"shipping-taxable","22":"purchasable","23":"product-type-variable"},"composite_virtual":false,"composite_layout":"","composite_add_to_cart_form_location":"","composite_editable_in_cart":false,"composite_sold_individually_context":"","composite_shop_price_calc":"","composite_components":[],"composite_scenarios":[],"acf":[],"yoast_head":"<!-- This site is optimized with the Yoast SEO plugin v27.2 - https:\/\/yoast.com\/product\/yoast-seo-wordpress\/ -->\n<title>BREASTFEEDING SHELLS - The BABY SHELL take care of your nipples<\/title>\n<meta name=\"description\" content=\"The breastfeeding shells Baby Shell prevent sore and cracked nipple. Recommanded by midewife, it can help you to protect your nipple during breastfeeding...\" \/>\n<meta name=\"robots\" content=\"index, follow, max-snippet:-1, max-image-preview:large, max-video-preview:-1\" \/>\n<link rel=\"canonical\" href=\"https:\/\/www.babyshell.fr\/en\/produit\/breastfeeding-shell-copie-2\/\" \/>\n<meta property=\"og:locale\" content=\"en_US\" \/>\n<meta property=\"og:type\" content=\"article\" \/>\n<meta property=\"og:title\" content=\"BREASTFEEDING SHELLS - The BABY SHELL take care of your nipples\" \/>\n<meta property=\"og:description\" content=\"Voila un ravissant cadeau de naissance pour la maman qui va allaiter son b\u00e9b\u00e9. Des coquillages d&#039;allaitement, une m\u00e9thode naturelle et plut\u00f4t glamour pour prot\u00e9ger et prendre soin des bouts de sein pendant l&#039;allaitement. Le coquillage est invisible une fois en place et il sert de bouclier contre les frottements.\" \/>\n<meta property=\"og:url\" content=\"https:\/\/www.babyshell.fr\/en\/produit\/breastfeeding-shell-copie-2\/\" \/>\n<meta property=\"og:site_name\" content=\"Baby Shell\" \/>\n<meta property=\"article:modified_time\" content=\"2026-02-05T23:02:22+00:00\" \/>\n<meta property=\"og:image\" content=\"https:\/\/www.babyshell.fr\/wp-content\/uploads\/2023\/01\/IMG_7676-300x300.jpg\" \/>\n<meta name=\"twitter:card\" content=\"summary_large_image\" \/>\n<meta name=\"twitter:title\" content=\"Coquillage d&#039;allaitement BABY SHELL\" \/>\n<meta name=\"twitter:description\" content=\"Voila un ravissant cadeau de naissance pour la maman qui va allaiter son b\u00e9b\u00e9. Des coquillages d&#039;allaitement, une m\u00e9thode naturelle et plut\u00f4t glamour pour prot\u00e9ger et prendre soin des bouts de sein pendant l&#039;allaitement. Le coquillage est invisible une fois en place et il sert de bouclier contre les frottements.\" \/>\n<meta name=\"twitter:image\" content=\"https:\/\/www.babyshell.fr\/wp-content\/uploads\/2017\/08\/baby-shell-coquillage-allaitement-1.jpg\" \/>\n<meta name=\"twitter:label1\" content=\"Est. reading time\" \/>\n\t<meta name=\"twitter:data1\" content=\"4 minutes\" \/>\n<script type=\"application\/ld+json\" class=\"yoast-schema-graph\">{\"@context\":\"https:\/\/schema.org\",\"@graph\":[{\"@type\":\"WebPage\",\"@id\":\"https:\/\/www.babyshell.fr\/en\/produit\/breastfeeding-shell-copie-2\/\",\"url\":\"https:\/\/www.babyshell.fr\/en\/produit\/breastfeeding-shell-copie-2\/\",\"name\":\"BREASTFEEDING SHELLS - The BABY SHELL take care of your nipples\",\"isPartOf\":{\"@id\":\"https:\/\/www.babyshell.fr\/#website\"},\"primaryImageOfPage\":{\"@id\":\"https:\/\/www.babyshell.fr\/en\/produit\/breastfeeding-shell-copie-2\/#primaryimage\"},\"image\":{\"@id\":\"https:\/\/www.babyshell.fr\/en\/produit\/breastfeeding-shell-copie-2\/#primaryimage\"},\"thumbnailUrl\":\"https:\/\/www.babyshell.fr\/wp-content\/uploads\/2024\/01\/coquillage-coussinets-baby-shell-2.png\",\"datePublished\":\"2024-01-04T15:21:06+00:00\",\"dateModified\":\"2026-02-05T23:02:22+00:00\",\"description\":\"The breastfeeding shells Baby Shell prevent sore and cracked nipple. Recommanded by midewife, it can help you to protect your nipple during breastfeeding...\",\"breadcrumb\":{\"@id\":\"https:\/\/www.babyshell.fr\/en\/produit\/breastfeeding-shell-copie-2\/#breadcrumb\"},\"inLanguage\":\"en-US\",\"potentialAction\":[{\"@type\":\"ReadAction\",\"target\":[\"https:\/\/www.babyshell.fr\/en\/produit\/breastfeeding-shell-copie-2\/\"]}]},{\"@type\":\"ImageObject\",\"inLanguage\":\"en-US\",\"@id\":\"https:\/\/www.babyshell.fr\/en\/produit\/breastfeeding-shell-copie-2\/#primaryimage\",\"url\":\"https:\/\/www.babyshell.fr\/wp-content\/uploads\/2024\/01\/coquillage-coussinets-baby-shell-2.png\",\"contentUrl\":\"https:\/\/www.babyshell.fr\/wp-content\/uploads\/2024\/01\/coquillage-coussinets-baby-shell-2.png\",\"width\":1000,\"height\":1000,\"caption\":\"Coquillages d'allaitement Baby Shell + Huile prot\u00e8ge mamelon N\u00e9o Bulle\"},{\"@type\":\"BreadcrumbList\",\"@id\":\"https:\/\/www.babyshell.fr\/en\/produit\/breastfeeding-shell-copie-2\/#breadcrumb\",\"itemListElement\":[{\"@type\":\"ListItem\",\"position\":1,\"name\":\"Accueil\",\"item\":\"https:\/\/www.babyshell.fr\/en\/\"},{\"@type\":\"ListItem\",\"position\":2,\"name\":\"Shop\",\"item\":\"https:\/\/www.babyshell.fr\/en\/shop\/\"},{\"@type\":\"ListItem\",\"position\":3,\"name\":\"Breastfeeding shell + Pads + Neobulle Oil\"}]},{\"@type\":\"WebSite\",\"@id\":\"https:\/\/www.babyshell.fr\/#website\",\"url\":\"https:\/\/www.babyshell.fr\/\",\"name\":\"Baby Shell\",\"description\":\"Breastfeeding shell\",\"potentialAction\":[{\"@type\":\"SearchAction\",\"target\":{\"@type\":\"EntryPoint\",\"urlTemplate\":\"https:\/\/www.babyshell.fr\/?s={search_term_string}\"},\"query-input\":{\"@type\":\"PropertyValueSpecification\",\"valueRequired\":true,\"valueName\":\"search_term_string\"}}],\"inLanguage\":\"en-US\"}]}<\/script>\n<!-- \/ Yoast SEO plugin. -->","yoast_head_json":{"title":"BREASTFEEDING SHELLS - The BABY SHELL take care of your nipples","description":"The breastfeeding shells Baby Shell prevent sore and cracked nipple. Recommanded by midewife, it can help you to protect your nipple during breastfeeding...","robots":{"index":"index","follow":"follow","max-snippet":"max-snippet:-1","max-image-preview":"max-image-preview:large","max-video-preview":"max-video-preview:-1"},"canonical":"https:\/\/www.babyshell.fr\/en\/produit\/breastfeeding-shell-copie-2\/","og_locale":"en_US","og_type":"article","og_title":"BREASTFEEDING SHELLS - The BABY SHELL take care of your nipples","og_description":"Voila un ravissant cadeau de naissance pour la maman qui va allaiter son b\u00e9b\u00e9. Des coquillages d'allaitement, une m\u00e9thode naturelle et plut\u00f4t glamour pour prot\u00e9ger et prendre soin des bouts de sein pendant l'allaitement. Le coquillage est invisible une fois en place et il sert de bouclier contre les frottements.","og_url":"https:\/\/www.babyshell.fr\/en\/produit\/breastfeeding-shell-copie-2\/","og_site_name":"Baby Shell","article_modified_time":"2026-02-05T23:02:22+00:00","og_image":[{"url":"https:\/\/www.babyshell.fr\/wp-content\/uploads\/2023\/01\/IMG_7676-300x300.jpg","type":"","width":"","height":""}],"twitter_card":"summary_large_image","twitter_title":"Coquillage d'allaitement BABY SHELL","twitter_description":"Voila un ravissant cadeau de naissance pour la maman qui va allaiter son b\u00e9b\u00e9. Des coquillages d'allaitement, une m\u00e9thode naturelle et plut\u00f4t glamour pour prot\u00e9ger et prendre soin des bouts de sein pendant l'allaitement. Le coquillage est invisible une fois en place et il sert de bouclier contre les frottements.","twitter_image":"https:\/\/www.babyshell.fr\/wp-content\/uploads\/2017\/08\/baby-shell-coquillage-allaitement-1.jpg","twitter_misc":{"Est. reading time":"4 minutes"},"schema":{"@context":"https:\/\/schema.org","@graph":[{"@type":"WebPage","@id":"https:\/\/www.babyshell.fr\/en\/produit\/breastfeeding-shell-copie-2\/","url":"https:\/\/www.babyshell.fr\/en\/produit\/breastfeeding-shell-copie-2\/","name":"BREASTFEEDING SHELLS - The BABY SHELL take care of your nipples","isPartOf":{"@id":"https:\/\/www.babyshell.fr\/#website"},"primaryImageOfPage":{"@id":"https:\/\/www.babyshell.fr\/en\/produit\/breastfeeding-shell-copie-2\/#primaryimage"},"image":{"@id":"https:\/\/www.babyshell.fr\/en\/produit\/breastfeeding-shell-copie-2\/#primaryimage"},"thumbnailUrl":"https:\/\/www.babyshell.fr\/wp-content\/uploads\/2024\/01\/coquillage-coussinets-baby-shell-2.png","datePublished":"2024-01-04T15:21:06+00:00","dateModified":"2026-02-05T23:02:22+00:00","description":"The breastfeeding shells Baby Shell prevent sore and cracked nipple. Recommanded by midewife, it can help you to protect your nipple during breastfeeding...","breadcrumb":{"@id":"https:\/\/www.babyshell.fr\/en\/produit\/breastfeeding-shell-copie-2\/#breadcrumb"},"inLanguage":"en-US","potentialAction":[{"@type":"ReadAction","target":["https:\/\/www.babyshell.fr\/en\/produit\/breastfeeding-shell-copie-2\/"]}]},{"@type":"ImageObject","inLanguage":"en-US","@id":"https:\/\/www.babyshell.fr\/en\/produit\/breastfeeding-shell-copie-2\/#primaryimage","url":"https:\/\/www.babyshell.fr\/wp-content\/uploads\/2024\/01\/coquillage-coussinets-baby-shell-2.png","contentUrl":"https:\/\/www.babyshell.fr\/wp-content\/uploads\/2024\/01\/coquillage-coussinets-baby-shell-2.png","width":1000,"height":1000,"caption":"Coquillages d'allaitement Baby Shell + Huile prot\u00e8ge mamelon N\u00e9o Bulle"},{"@type":"BreadcrumbList","@id":"https:\/\/www.babyshell.fr\/en\/produit\/breastfeeding-shell-copie-2\/#breadcrumb","itemListElement":[{"@type":"ListItem","position":1,"name":"Accueil","item":"https:\/\/www.babyshell.fr\/en\/"},{"@type":"ListItem","position":2,"name":"Shop","item":"https:\/\/www.babyshell.fr\/en\/shop\/"},{"@type":"ListItem","position":3,"name":"Breastfeeding shell + Pads + Neobulle Oil"}]},{"@type":"WebSite","@id":"https:\/\/www.babyshell.fr\/#website","url":"https:\/\/www.babyshell.fr\/","name":"Baby Shell","description":"Breastfeeding shell","potentialAction":[{"@type":"SearchAction","target":{"@type":"EntryPoint","urlTemplate":"https:\/\/www.babyshell.fr\/?s={search_term_string}"},"query-input":{"@type":"PropertyValueSpecification","valueRequired":true,"valueName":"search_term_string"}}],"inLanguage":"en-US"}]}},"tiered_pricing_type":"fixed","tiered_pricing_fixed_rules":[],"tiered_pricing_product_settings":{"layout":"default","base_unit_name":{"singular":null,"plural":null},"default_variation":null},"tiered_pricing_minimum_quantity":null,"tiered_pricing_roles_data":[],"tiered_pricing_percentage_rules":[],"tiered_pricing_maximum_quantity":null,"tiered_pricing_quantity_step":null,"_links":{"self":[{"href":"https:\/\/www.babyshell.fr\/en\/wp-json\/wp\/v2\/product\/21880","targetHints":{"allow":["GET"]}}],"collection":[{"href":"https:\/\/www.babyshell.fr\/en\/wp-json\/wp\/v2\/product"}],"about":[{"href":"https:\/\/www.babyshell.fr\/en\/wp-json\/wp\/v2\/types\/product"}],"replies":[{"embeddable":true,"href":"https:\/\/www.babyshell.fr\/en\/wp-json\/wp\/v2\/comments?post=21880"}],"wp:featuredmedia":[{"embeddable":true,"href":"https:\/\/www.babyshell.fr\/en\/wp-json\/wp\/v2\/media\/38512"}],"wp:attachment":[{"href":"https:\/\/www.babyshell.fr\/en\/wp-json\/wp\/v2\/media?parent=21880"}],"wp:term":[{"taxonomy":"product_brand","embeddable":true,"href":"https:\/\/www.babyshell.fr\/en\/wp-json\/wp\/v2\/product_brand?post=21880"},{"taxonomy":"product_cat","embeddable":true,"href":"https:\/\/www.babyshell.fr\/en\/wp-json\/wp\/v2\/product_cat?post=21880"},{"taxonomy":"product_tag","embeddable":true,"href":"https:\/\/www.babyshell.fr\/en\/wp-json\/wp\/v2\/product_tag?post=21880"}],"curies":[{"name":"wp","href":"https:\/\/api.w.org\/{rel}","templated":true}]}}