{"id":23853,"date":"2022-04-29T14:43:05","date_gmt":"2022-04-29T13:43:05","guid":{"rendered":"https:\/\/www.babyshell.fr\/?post_type=product&#038;p=23853"},"modified":"2026-02-06T00:02:23","modified_gmt":"2026-02-05T23:02:23","slug":"breastfeeding-shell-copie-copie-2","status":"publish","type":"product","link":"https:\/\/www.babyshell.fr\/en\/produit\/breastfeeding-shell-copie-copie-2\/","title":{"rendered":"Pregnancy Bola"},"content":{"rendered":"<p>Original pregnancy bolas<\/p>\n<p>Discover our new collection of pregnancy Bolas. Our particularity, each bola is supplied with a liberty cord and a fine chain matching the bola.<\/p>\n<p>Bola and matching chain are made of gold -plated metal &#8211; pink or silver gold<br \/>\nThe cord is 100% cotton<br \/>\nSize: 110cm<br \/>\nSmall 100% cotton storage pouch with random benevolent message<\/p>\n<p>Size: 110cm<br \/>\nGold plating &#8211; Rose or silver gold<br \/>\n(lead and nickel -free)<\/p>\n<p>Packaging &#8211; Assembly and handling in France<br \/>\nBola and channel made in China<br \/>\nLiberty cords made in Europe<\/p>\n","protected":false},"excerpt":{"rendered":"<p>Jewelry for pregnant women<\/p>\n<p>Carillon and Plated fine chain<br \/>\n+ A liberty cord offered<\/p>\n<p>Hand assembled in our workshop in France<\/p>\n","protected":false},"featured_media":23873,"comment_status":"open","ping_status":"closed","template":"","meta":{"_acf_changed":false},"product_brand":[],"product_cat":[188,189,187],"product_tag":[],"class_list":{"0":"post-23853","1":"product","2":"type-product","3":"status-publish","4":"has-post-thumbnail","6":"product_cat-post-partum-en","7":"product_cat-braderie-soldes-en","8":"product_cat-tous-nos-produits-en","10":"first","11":"instock","12":"featured","13":"taxable","14":"shipping-taxable","15":"purchasable","16":"product-type-variable"},"composite_virtual":false,"composite_layout":"","composite_add_to_cart_form_location":"","composite_editable_in_cart":false,"composite_sold_individually_context":"","composite_shop_price_calc":"","composite_components":[],"composite_scenarios":[],"acf":[],"yoast_head":"<!-- This site is optimized with the Yoast SEO plugin v27.2 - https:\/\/yoast.com\/product\/yoast-seo-wordpress\/ -->\n<title>BREASTFEEDING SHELLS - The BABY SHELL take care of your nipples<\/title>\n<meta name=\"description\" content=\"The breastfeeding shells Baby Shell prevent sore and cracked nipple. Recommanded by midewife, it can help you to protect your nipple during breastfeeding...\" \/>\n<meta name=\"robots\" content=\"index, follow, max-snippet:-1, max-image-preview:large, max-video-preview:-1\" \/>\n<link rel=\"canonical\" href=\"https:\/\/www.babyshell.fr\/en\/produit\/breastfeeding-shell-copie-copie-2\/\" \/>\n<meta property=\"og:locale\" content=\"en_US\" \/>\n<meta property=\"og:type\" content=\"article\" \/>\n<meta property=\"og:title\" content=\"BREASTFEEDING SHELLS - The BABY SHELL take care of your nipples\" \/>\n<meta property=\"og:description\" content=\"Voila un ravissant cadeau de naissance pour la maman qui va allaiter son b\u00e9b\u00e9. Des coquillages d&#039;allaitement, une m\u00e9thode naturelle et plut\u00f4t glamour pour prot\u00e9ger et prendre soin des bouts de sein pendant l&#039;allaitement. Le coquillage est invisible une fois en place et il sert de bouclier contre les frottements.\" \/>\n<meta property=\"og:url\" content=\"https:\/\/www.babyshell.fr\/en\/produit\/breastfeeding-shell-copie-copie-2\/\" \/>\n<meta property=\"og:site_name\" content=\"Baby Shell\" \/>\n<meta property=\"article:modified_time\" content=\"2026-02-05T23:02:23+00:00\" \/>\n<meta property=\"og:image\" content=\"https:\/\/www.babyshell.fr\/wp-content\/uploads\/2017\/08\/baby-shell-coquillage-allaitement-7.jpg\" \/>\n<meta name=\"twitter:card\" content=\"summary_large_image\" \/>\n<meta name=\"twitter:title\" content=\"Coquillage d&#039;allaitement BABY SHELL\" \/>\n<meta name=\"twitter:description\" content=\"Voila un ravissant cadeau de naissance pour la maman qui va allaiter son b\u00e9b\u00e9. Des coquillages d&#039;allaitement, une m\u00e9thode naturelle et plut\u00f4t glamour pour prot\u00e9ger et prendre soin des bouts de sein pendant l&#039;allaitement. Le coquillage est invisible une fois en place et il sert de bouclier contre les frottements.\" \/>\n<meta name=\"twitter:image\" content=\"https:\/\/www.babyshell.fr\/wp-content\/uploads\/2017\/08\/baby-shell-coquillage-allaitement-1.jpg\" \/>\n<script type=\"application\/ld+json\" class=\"yoast-schema-graph\">{\"@context\":\"https:\/\/schema.org\",\"@graph\":[{\"@type\":\"WebPage\",\"@id\":\"https:\/\/www.babyshell.fr\/en\/produit\/breastfeeding-shell-copie-copie-2\/\",\"url\":\"https:\/\/www.babyshell.fr\/en\/produit\/breastfeeding-shell-copie-copie-2\/\",\"name\":\"BREASTFEEDING SHELLS - The BABY SHELL take care of your nipples\",\"isPartOf\":{\"@id\":\"https:\/\/www.babyshell.fr\/#website\"},\"primaryImageOfPage\":{\"@id\":\"https:\/\/www.babyshell.fr\/en\/produit\/breastfeeding-shell-copie-copie-2\/#primaryimage\"},\"image\":{\"@id\":\"https:\/\/www.babyshell.fr\/en\/produit\/breastfeeding-shell-copie-copie-2\/#primaryimage\"},\"thumbnailUrl\":\"https:\/\/www.babyshell.fr\/wp-content\/uploads\/2022\/04\/IMG_2707-2-scaled.jpg\",\"datePublished\":\"2022-04-29T13:43:05+00:00\",\"dateModified\":\"2026-02-05T23:02:23+00:00\",\"description\":\"The breastfeeding shells Baby Shell prevent sore and cracked nipple. Recommanded by midewife, it can help you to protect your nipple during breastfeeding...\",\"breadcrumb\":{\"@id\":\"https:\/\/www.babyshell.fr\/en\/produit\/breastfeeding-shell-copie-copie-2\/#breadcrumb\"},\"inLanguage\":\"en-US\",\"potentialAction\":[{\"@type\":\"ReadAction\",\"target\":[\"https:\/\/www.babyshell.fr\/en\/produit\/breastfeeding-shell-copie-copie-2\/\"]}]},{\"@type\":\"ImageObject\",\"inLanguage\":\"en-US\",\"@id\":\"https:\/\/www.babyshell.fr\/en\/produit\/breastfeeding-shell-copie-copie-2\/#primaryimage\",\"url\":\"https:\/\/www.babyshell.fr\/wp-content\/uploads\/2022\/04\/IMG_2707-2-scaled.jpg\",\"contentUrl\":\"https:\/\/www.babyshell.fr\/wp-content\/uploads\/2022\/04\/IMG_2707-2-scaled.jpg\",\"width\":2560,\"height\":2560,\"caption\":\"Jewelry for pregnant women\"},{\"@type\":\"BreadcrumbList\",\"@id\":\"https:\/\/www.babyshell.fr\/en\/produit\/breastfeeding-shell-copie-copie-2\/#breadcrumb\",\"itemListElement\":[{\"@type\":\"ListItem\",\"position\":1,\"name\":\"Accueil\",\"item\":\"https:\/\/www.babyshell.fr\/en\/\"},{\"@type\":\"ListItem\",\"position\":2,\"name\":\"Shop\",\"item\":\"https:\/\/www.babyshell.fr\/en\/shop\/\"},{\"@type\":\"ListItem\",\"position\":3,\"name\":\"Pregnancy Bola\"}]},{\"@type\":\"WebSite\",\"@id\":\"https:\/\/www.babyshell.fr\/#website\",\"url\":\"https:\/\/www.babyshell.fr\/\",\"name\":\"Baby Shell\",\"description\":\"Breastfeeding shell\",\"potentialAction\":[{\"@type\":\"SearchAction\",\"target\":{\"@type\":\"EntryPoint\",\"urlTemplate\":\"https:\/\/www.babyshell.fr\/?s={search_term_string}\"},\"query-input\":{\"@type\":\"PropertyValueSpecification\",\"valueRequired\":true,\"valueName\":\"search_term_string\"}}],\"inLanguage\":\"en-US\"}]}<\/script>\n<!-- \/ Yoast SEO plugin. -->","yoast_head_json":{"title":"BREASTFEEDING SHELLS - The BABY SHELL take care of your nipples","description":"The breastfeeding shells Baby Shell prevent sore and cracked nipple. Recommanded by midewife, it can help you to protect your nipple during breastfeeding...","robots":{"index":"index","follow":"follow","max-snippet":"max-snippet:-1","max-image-preview":"max-image-preview:large","max-video-preview":"max-video-preview:-1"},"canonical":"https:\/\/www.babyshell.fr\/en\/produit\/breastfeeding-shell-copie-copie-2\/","og_locale":"en_US","og_type":"article","og_title":"BREASTFEEDING SHELLS - The BABY SHELL take care of your nipples","og_description":"Voila un ravissant cadeau de naissance pour la maman qui va allaiter son b\u00e9b\u00e9. Des coquillages d'allaitement, une m\u00e9thode naturelle et plut\u00f4t glamour pour prot\u00e9ger et prendre soin des bouts de sein pendant l'allaitement. Le coquillage est invisible une fois en place et il sert de bouclier contre les frottements.","og_url":"https:\/\/www.babyshell.fr\/en\/produit\/breastfeeding-shell-copie-copie-2\/","og_site_name":"Baby Shell","article_modified_time":"2026-02-05T23:02:23+00:00","og_image":[{"url":"https:\/\/www.babyshell.fr\/wp-content\/uploads\/2017\/08\/baby-shell-coquillage-allaitement-7.jpg","type":"","width":"","height":""}],"twitter_card":"summary_large_image","twitter_title":"Coquillage d'allaitement BABY SHELL","twitter_description":"Voila un ravissant cadeau de naissance pour la maman qui va allaiter son b\u00e9b\u00e9. Des coquillages d'allaitement, une m\u00e9thode naturelle et plut\u00f4t glamour pour prot\u00e9ger et prendre soin des bouts de sein pendant l'allaitement. Le coquillage est invisible une fois en place et il sert de bouclier contre les frottements.","twitter_image":"https:\/\/www.babyshell.fr\/wp-content\/uploads\/2017\/08\/baby-shell-coquillage-allaitement-1.jpg","schema":{"@context":"https:\/\/schema.org","@graph":[{"@type":"WebPage","@id":"https:\/\/www.babyshell.fr\/en\/produit\/breastfeeding-shell-copie-copie-2\/","url":"https:\/\/www.babyshell.fr\/en\/produit\/breastfeeding-shell-copie-copie-2\/","name":"BREASTFEEDING SHELLS - The BABY SHELL take care of your nipples","isPartOf":{"@id":"https:\/\/www.babyshell.fr\/#website"},"primaryImageOfPage":{"@id":"https:\/\/www.babyshell.fr\/en\/produit\/breastfeeding-shell-copie-copie-2\/#primaryimage"},"image":{"@id":"https:\/\/www.babyshell.fr\/en\/produit\/breastfeeding-shell-copie-copie-2\/#primaryimage"},"thumbnailUrl":"https:\/\/www.babyshell.fr\/wp-content\/uploads\/2022\/04\/IMG_2707-2-scaled.jpg","datePublished":"2022-04-29T13:43:05+00:00","dateModified":"2026-02-05T23:02:23+00:00","description":"The breastfeeding shells Baby Shell prevent sore and cracked nipple. Recommanded by midewife, it can help you to protect your nipple during breastfeeding...","breadcrumb":{"@id":"https:\/\/www.babyshell.fr\/en\/produit\/breastfeeding-shell-copie-copie-2\/#breadcrumb"},"inLanguage":"en-US","potentialAction":[{"@type":"ReadAction","target":["https:\/\/www.babyshell.fr\/en\/produit\/breastfeeding-shell-copie-copie-2\/"]}]},{"@type":"ImageObject","inLanguage":"en-US","@id":"https:\/\/www.babyshell.fr\/en\/produit\/breastfeeding-shell-copie-copie-2\/#primaryimage","url":"https:\/\/www.babyshell.fr\/wp-content\/uploads\/2022\/04\/IMG_2707-2-scaled.jpg","contentUrl":"https:\/\/www.babyshell.fr\/wp-content\/uploads\/2022\/04\/IMG_2707-2-scaled.jpg","width":2560,"height":2560,"caption":"Jewelry for pregnant women"},{"@type":"BreadcrumbList","@id":"https:\/\/www.babyshell.fr\/en\/produit\/breastfeeding-shell-copie-copie-2\/#breadcrumb","itemListElement":[{"@type":"ListItem","position":1,"name":"Accueil","item":"https:\/\/www.babyshell.fr\/en\/"},{"@type":"ListItem","position":2,"name":"Shop","item":"https:\/\/www.babyshell.fr\/en\/shop\/"},{"@type":"ListItem","position":3,"name":"Pregnancy Bola"}]},{"@type":"WebSite","@id":"https:\/\/www.babyshell.fr\/#website","url":"https:\/\/www.babyshell.fr\/","name":"Baby Shell","description":"Breastfeeding shell","potentialAction":[{"@type":"SearchAction","target":{"@type":"EntryPoint","urlTemplate":"https:\/\/www.babyshell.fr\/?s={search_term_string}"},"query-input":{"@type":"PropertyValueSpecification","valueRequired":true,"valueName":"search_term_string"}}],"inLanguage":"en-US"}]}},"tiered_pricing_type":"fixed","tiered_pricing_fixed_rules":[],"tiered_pricing_product_settings":{"layout":"default","base_unit_name":{"singular":null,"plural":null},"default_variation":null},"tiered_pricing_minimum_quantity":null,"tiered_pricing_roles_data":[],"tiered_pricing_percentage_rules":[],"tiered_pricing_maximum_quantity":null,"tiered_pricing_quantity_step":null,"_links":{"self":[{"href":"https:\/\/www.babyshell.fr\/en\/wp-json\/wp\/v2\/product\/23853","targetHints":{"allow":["GET"]}}],"collection":[{"href":"https:\/\/www.babyshell.fr\/en\/wp-json\/wp\/v2\/product"}],"about":[{"href":"https:\/\/www.babyshell.fr\/en\/wp-json\/wp\/v2\/types\/product"}],"replies":[{"embeddable":true,"href":"https:\/\/www.babyshell.fr\/en\/wp-json\/wp\/v2\/comments?post=23853"}],"wp:featuredmedia":[{"embeddable":true,"href":"https:\/\/www.babyshell.fr\/en\/wp-json\/wp\/v2\/media\/23873"}],"wp:attachment":[{"href":"https:\/\/www.babyshell.fr\/en\/wp-json\/wp\/v2\/media?parent=23853"}],"wp:term":[{"taxonomy":"product_brand","embeddable":true,"href":"https:\/\/www.babyshell.fr\/en\/wp-json\/wp\/v2\/product_brand?post=23853"},{"taxonomy":"product_cat","embeddable":true,"href":"https:\/\/www.babyshell.fr\/en\/wp-json\/wp\/v2\/product_cat?post=23853"},{"taxonomy":"product_tag","embeddable":true,"href":"https:\/\/www.babyshell.fr\/en\/wp-json\/wp\/v2\/product_tag?post=23853"}],"curies":[{"name":"wp","href":"https:\/\/api.w.org\/{rel}","templated":true}]}}