{"id":34501,"date":"2023-04-05T11:28:31","date_gmt":"2023-04-05T10:28:31","guid":{"rendered":"https:\/\/www.babyshell.fr\/?post_type=product&#038;p=34501"},"modified":"2026-02-06T00:02:22","modified_gmt":"2026-02-05T23:02:22","slug":"baby-shell-pack-breastfeeding","status":"publish","type":"product","link":"https:\/\/www.babyshell.fr\/en\/produit\/baby-shell-pack-breastfeeding\/","title":{"rendered":"Baby Shell Pack"},"content":{"rendered":"<p>THE SPECIAL HERBAL TEAS PACK:<\/p>\n<p>A pair of shells for breastfeeding (size of your choice)<br \/>\nA mermaid cotton tote bag<br \/>\nSoon Mom herbal tea (relaxing and comforting blend, herbal tea to drink throughout the day)<br \/>\nIngredients from organic farming: natural rooibos, green rooibos, lemon balm, rose petals, lavender, adonis and cornflower flowers.<br \/>\n20g discovery bag &#8211; assembled by Happynine Paris for Baby Shell<br \/>\nBreastfeeding herbal tea (mixture of galactogenic plants, promotes breast milk lactation and soothes colic in infants)<br \/>\nIngredients from organic farming: fennel, caraway and anise.<br \/>\n20g discovery bag &#8211; assembled by Happynine Paris for Baby Shell<br \/>\nShellfish cleaned, checked and assembled in pairs manually in France<\/p>\n<p>100% natural, from the bottom of the oceans and carefully polished, nursing shells are nipple protectors that relieve and reduce many ailments linked to breastfeeding (heating, hyper-sensitivity, irritation, cracks, etc.).<br \/>\nThis is a 100% natural product, so they are all different in size, color and shape.<\/p>\n<p><strong>DISPOSITIF MEDICAL classe I &#8211; DE 93\/42\/CEE<\/strong><\/p>\n<p>How to choose your size?<\/p>\n<p>Measure the diameter of your areola flat, around the start of the 9th month. The shell does not necessarily have to cover or extend beyond the entire areola*.<\/p>\n<p>*The aerola is the brown, round, flat part that surrounds the nipple.<\/p>\n<p>SMALL: Shells measuring between 5 and 5.5cm \/ your areola must be less than 5cm<br \/>\nMEDIUM: Shells measuring between 5.5 and 6cm \/ your areola must be more than 5 and less than 6cm<br \/>\nLARGE: Shells measuring between 6 and 7cm \/ your areola must be more than 6 and less than 7cm<br \/>\nCUSTOMIZED: Shells measuring more than 7cm \/ your areola must be more than 7cm<\/p>\n<p>To know if the shells are the right size, they must fit the nipples well (without necessarily covering or going beyond your areolas) and they must be comfortable when you wear them. You almost have to forget them&#8230;<\/p>\n<pre><a href=\"https:\/\/www.babyshell.fr\/wp-content\/uploads\/2019\/01\/Capture-d\u2019\u00e9cran-2019-01-14-\u00e0-11.44.50.png\"><img loading=\"lazy\" decoding=\"async\" class=\"alignnone size-medium wp-image-4280\" src=\"https:\/\/www.babyshell.fr\/wp-content\/uploads\/2019\/01\/Capture-d\u2019\u00e9cran-2019-01-14-\u00e0-11.44.50-300x199.png\" alt=\"\" width=\"300\" height=\"199\" srcset=\"https:\/\/www.babyshell.fr\/wp-content\/uploads\/2019\/01\/Capture-d\u2019\u00e9cran-2019-01-14-\u00e0-11.44.50-300x199.png 300w, https:\/\/www.babyshell.fr\/wp-content\/uploads\/2019\/01\/Capture-d\u2019\u00e9cran-2019-01-14-\u00e0-11.44.50-400x265.png 400w, https:\/\/www.babyshell.fr\/wp-content\/uploads\/2019\/01\/Capture-d\u2019\u00e9cran-2019-01-14-\u00e0-11.44.50-768x509.png 768w, https:\/\/www.babyshell.fr\/wp-content\/uploads\/2019\/01\/Capture-d\u2019\u00e9cran-2019-01-14-\u00e0-11.44.50-1024x678.png 1024w, https:\/\/www.babyshell.fr\/wp-content\/uploads\/2019\/01\/Capture-d\u2019\u00e9cran-2019-01-14-\u00e0-11.44.50.png 1412w\" sizes=\"auto, (max-width: 300px) 100vw, 300px\" \/><\/a><a href=\"https:\/\/www.babyshell.fr\/wp-content\/uploads\/2019\/01\/Capture-d\u2019\u00e9cran-2019-01-14-\u00e0-11.37.49.png\"><img loading=\"lazy\" decoding=\"async\" class=\"wp-image-4275 size-medium\" title=\"CARTE DE MESURE COQUILLAGE D'ALLAITEMENT BABY SHELL\" src=\"https:\/\/www.babyshell.fr\/wp-content\/uploads\/2019\/01\/Capture-d\u2019\u00e9cran-2019-01-14-\u00e0-11.37.49-300x199.png\" alt=\"\" width=\"300\" height=\"199\" srcset=\"https:\/\/www.babyshell.fr\/wp-content\/uploads\/2019\/01\/Capture-d\u2019\u00e9cran-2019-01-14-\u00e0-11.37.49-300x199.png 300w, https:\/\/www.babyshell.fr\/wp-content\/uploads\/2019\/01\/Capture-d\u2019\u00e9cran-2019-01-14-\u00e0-11.37.49-400x265.png 400w, https:\/\/www.babyshell.fr\/wp-content\/uploads\/2019\/01\/Capture-d\u2019\u00e9cran-2019-01-14-\u00e0-11.37.49-768x509.png 768w, https:\/\/www.babyshell.fr\/wp-content\/uploads\/2019\/01\/Capture-d\u2019\u00e9cran-2019-01-14-\u00e0-11.37.49-1024x679.png 1024w, https:\/\/www.babyshell.fr\/wp-content\/uploads\/2019\/01\/Capture-d\u2019\u00e9cran-2019-01-14-\u00e0-11.37.49.png 1414w\" sizes=\"auto, (max-width: 300px) 100vw, 300px\" \/><\/a>\r\n<span class=\"Apple-converted-space\"><em>DESIGN BABYSHELL 2019\u00a9<\/em><\/span><\/pre>\n<p>If the size does not suit you, contact us to find out our exchange conditions.<\/p>\n<p>&nbsp;<\/p>\n<p>Directions for use and product origin<\/p>\n<p>The BABY SHELL nipple protector is a 100% natural shell.<br \/>\nThis is a class I MEDICAL DEVICE &#8211; DE 93\/42\/EEC<\/p>\n<p>Each shell is carefully selected, cleaned, calibrated and repolished (if necessary) in our workshop in France.<br \/>\nThen they are assembled in pairs. It is meticulous, manual and very artisanal work.<\/p>\n<p>The shell is placed directly on the tips of the breasts and is held by the bra.<\/p>\n<p>A true natural shield, its role is to protect you and limit certain inconveniences of breastfeeding, particularly rubbing of the underwear, and to keep the tips of the breasts cool! The soft contact of mother-of-pearl actually provides an immediate sensation of freshness, often perceived as soothing by many mothers.<\/p>\n<p>A few drops of breast milk poured into the hollow of the nursing shell allow the nipples to bathe in it and thus benefit from its benefits.<\/p>\n<p>If a treatment cream is used, it remains in contact with the nipple without risk of staining your clothes.<\/p>\n<p>The shell contains the small losses of milk. It therefore serves as a milk collection. For significant losses, place a nursing pad over the shell.<\/p>\n<p>The nursing shell is reusable after simple regular washing (note: do not boil them).<\/p>\n<p>Use the shell on healthy skin and clean your nipples before breastfeeding.<\/p>\n<p>The shells come from natural environments and come from different collection points located all over the world.<\/p>\n<h3><\/h3>\n<p>Recommendations<\/p>\n<p>Wash before first use, then regularly with water and mild soap and rinse well with clean water.<br \/>\nDo not boil shellfish or allow cleaning products to stagnate in them.<br \/>\nThe shell should be used on healthy skin.<br \/>\nDo not sleep with them and avoid wearing them all day, even if you feel more beautiful with them! In fact, when sleeping, you risk leaning on the shell which will then put pressure on the nipple and cause milk to come in between feedings.<br \/>\nIf there is redness or a feeling of pressure, it is likely that the size is not the right one. Contact us for an exchange.<br \/>\nIt is important to adopt a good position during feedings to prevent the risk of cracks.<br \/>\nRemove the shell and clean your nipples before breastfeeding your baby.<br \/>\nDo not use if you are allergic to mother-of-pearl or shellfish.<br \/>\nDo not use if damaged.<br \/>\nDo not leave shells within reach of babies and children.<br \/>\nNatural products that may present irregularities.<br \/>\nThe photos are therefore not contractual, the colors and sizes of the nursing shells vary.<\/p>\n<p>Product imported, assembled then distributed by\u00a0Baby Shell \u00a9<\/p>\n<p><strong>DISPOSITIF MEDICAL de classe I &#8211; DE 93\/42\/CEE<\/strong><\/p>\n","protected":false},"excerpt":{"rendered":"<p>THE SPECIAL HERBAL TEAS PACK: A pair of shells for breastfeeding (size of your choice) A mermaid cotton tote bag Soon Mom herbal tea (relaxing and comforting blend, herbal tea to drink throughout the day) Ingredients from organic farming: natural rooibos, green rooibos, lemon balm, rose petals, lavender, adonis and cornflower flowers. 20g discovery bag [&hellip;]<\/p>\n","protected":false},"featured_media":38507,"comment_status":"open","ping_status":"closed","template":"","meta":{"_acf_changed":false},"product_brand":[],"product_cat":[85,188,189,187],"product_tag":[115,88,91],"class_list":{"0":"post-34501","1":"product","2":"type-product","3":"status-publish","4":"has-post-thumbnail","6":"product_cat-coquillage-dallaitement-en","7":"product_cat-post-partum-en","8":"product_cat-braderie-soldes-en","9":"product_cat-tous-nos-produits-en","10":"product_tag-collier-de-portage-en","11":"product_tag-coquillage-dallaitement-en","12":"product_tag-pack-allaitement-en","14":"first","15":"instock","16":"sale","17":"featured","18":"taxable","19":"shipping-taxable","20":"purchasable","21":"product-type-variable"},"composite_virtual":false,"composite_layout":"","composite_add_to_cart_form_location":"","composite_editable_in_cart":false,"composite_sold_individually_context":"","composite_shop_price_calc":"","composite_components":[],"composite_scenarios":[],"acf":[],"yoast_head":"<!-- This site is optimized with the Yoast SEO plugin v27.2 - https:\/\/yoast.com\/product\/yoast-seo-wordpress\/ -->\n<title>BABY SHELL Pack Shells + tea<\/title>\n<meta name=\"description\" content=\"Pack Complicit\u00e9 ALLAITEMENT Baby Shell compos\u00e9 d&#039;une paire de coquillages, d&#039;un Tote bag et d&#039;un sachet d\u00e9couverte 25g de tisane ALLAITEMENT BIO Happy Nine\" \/>\n<meta name=\"robots\" content=\"index, follow, max-snippet:-1, max-image-preview:large, max-video-preview:-1\" \/>\n<link rel=\"canonical\" href=\"https:\/\/www.babyshell.fr\/en\/produit\/baby-shell-pack-breastfeeding\/\" \/>\n<meta property=\"og:locale\" content=\"en_US\" \/>\n<meta property=\"og:type\" content=\"article\" \/>\n<meta property=\"og:title\" content=\"BABY SHELL Pack Shells + tea\" \/>\n<meta property=\"og:description\" content=\"Pack Complicit\u00e9 ALLAITEMENT Baby Shell compos\u00e9 d&#039;une paire de coquillages, d&#039;un Tote bag et d&#039;un sachet d\u00e9couverte 25g de tisane ALLAITEMENT BIO Happy Nine\" \/>\n<meta property=\"og:url\" content=\"https:\/\/www.babyshell.fr\/en\/produit\/baby-shell-pack-breastfeeding\/\" \/>\n<meta property=\"og:site_name\" content=\"Baby Shell\" \/>\n<meta property=\"article:modified_time\" content=\"2026-02-05T23:02:22+00:00\" \/>\n<meta property=\"og:image\" content=\"https:\/\/www.babyshell.fr\/wp-content\/uploads\/2023\/04\/PACK-MATER-sept24.jpg\" \/>\n\t<meta property=\"og:image:width\" content=\"1000\" \/>\n\t<meta property=\"og:image:height\" content=\"1000\" \/>\n\t<meta property=\"og:image:type\" content=\"image\/jpeg\" \/>\n<meta name=\"twitter:card\" content=\"summary_large_image\" \/>\n<meta name=\"twitter:label1\" content=\"Est. reading time\" \/>\n\t<meta name=\"twitter:data1\" content=\"5 minutes\" \/>\n<script type=\"application\/ld+json\" class=\"yoast-schema-graph\">{\"@context\":\"https:\/\/schema.org\",\"@graph\":[{\"@type\":\"WebPage\",\"@id\":\"https:\/\/www.babyshell.fr\/en\/produit\/baby-shell-pack-breastfeeding\/\",\"url\":\"https:\/\/www.babyshell.fr\/en\/produit\/baby-shell-pack-breastfeeding\/\",\"name\":\"BABY SHELL Pack Shells + tea\",\"isPartOf\":{\"@id\":\"https:\/\/www.babyshell.fr\/#website\"},\"primaryImageOfPage\":{\"@id\":\"https:\/\/www.babyshell.fr\/en\/produit\/baby-shell-pack-breastfeeding\/#primaryimage\"},\"image\":{\"@id\":\"https:\/\/www.babyshell.fr\/en\/produit\/baby-shell-pack-breastfeeding\/#primaryimage\"},\"thumbnailUrl\":\"https:\/\/www.babyshell.fr\/wp-content\/uploads\/2023\/04\/PACK-MATER-sept24.jpg\",\"datePublished\":\"2023-04-05T10:28:31+00:00\",\"dateModified\":\"2026-02-05T23:02:22+00:00\",\"description\":\"Pack Complicit\u00e9 ALLAITEMENT Baby Shell compos\u00e9 d'une paire de coquillages, d'un Tote bag et d'un sachet d\u00e9couverte 25g de tisane ALLAITEMENT BIO Happy Nine\",\"breadcrumb\":{\"@id\":\"https:\/\/www.babyshell.fr\/en\/produit\/baby-shell-pack-breastfeeding\/#breadcrumb\"},\"inLanguage\":\"en-US\",\"potentialAction\":[{\"@type\":\"ReadAction\",\"target\":[\"https:\/\/www.babyshell.fr\/en\/produit\/baby-shell-pack-breastfeeding\/\"]}]},{\"@type\":\"ImageObject\",\"inLanguage\":\"en-US\",\"@id\":\"https:\/\/www.babyshell.fr\/en\/produit\/baby-shell-pack-breastfeeding\/#primaryimage\",\"url\":\"https:\/\/www.babyshell.fr\/wp-content\/uploads\/2023\/04\/PACK-MATER-sept24.jpg\",\"contentUrl\":\"https:\/\/www.babyshell.fr\/wp-content\/uploads\/2023\/04\/PACK-MATER-sept24.jpg\",\"width\":1000,\"height\":1000,\"caption\":\"Le pack complet pour la maman allaitante\"},{\"@type\":\"BreadcrumbList\",\"@id\":\"https:\/\/www.babyshell.fr\/en\/produit\/baby-shell-pack-breastfeeding\/#breadcrumb\",\"itemListElement\":[{\"@type\":\"ListItem\",\"position\":1,\"name\":\"Accueil\",\"item\":\"https:\/\/www.babyshell.fr\/en\/\"},{\"@type\":\"ListItem\",\"position\":2,\"name\":\"Shop\",\"item\":\"https:\/\/www.babyshell.fr\/en\/shop\/\"},{\"@type\":\"ListItem\",\"position\":3,\"name\":\"Baby Shell Pack\"}]},{\"@type\":\"WebSite\",\"@id\":\"https:\/\/www.babyshell.fr\/#website\",\"url\":\"https:\/\/www.babyshell.fr\/\",\"name\":\"Baby Shell\",\"description\":\"Breastfeeding shell\",\"potentialAction\":[{\"@type\":\"SearchAction\",\"target\":{\"@type\":\"EntryPoint\",\"urlTemplate\":\"https:\/\/www.babyshell.fr\/?s={search_term_string}\"},\"query-input\":{\"@type\":\"PropertyValueSpecification\",\"valueRequired\":true,\"valueName\":\"search_term_string\"}}],\"inLanguage\":\"en-US\"}]}<\/script>\n<!-- \/ Yoast SEO plugin. -->","yoast_head_json":{"title":"BABY SHELL Pack Shells + tea","description":"Pack Complicit\u00e9 ALLAITEMENT Baby Shell compos\u00e9 d'une paire de coquillages, d'un Tote bag et d'un sachet d\u00e9couverte 25g de tisane ALLAITEMENT BIO Happy Nine","robots":{"index":"index","follow":"follow","max-snippet":"max-snippet:-1","max-image-preview":"max-image-preview:large","max-video-preview":"max-video-preview:-1"},"canonical":"https:\/\/www.babyshell.fr\/en\/produit\/baby-shell-pack-breastfeeding\/","og_locale":"en_US","og_type":"article","og_title":"BABY SHELL Pack Shells + tea","og_description":"Pack Complicit\u00e9 ALLAITEMENT Baby Shell compos\u00e9 d'une paire de coquillages, d'un Tote bag et d'un sachet d\u00e9couverte 25g de tisane ALLAITEMENT BIO Happy Nine","og_url":"https:\/\/www.babyshell.fr\/en\/produit\/baby-shell-pack-breastfeeding\/","og_site_name":"Baby Shell","article_modified_time":"2026-02-05T23:02:22+00:00","og_image":[{"width":1000,"height":1000,"url":"https:\/\/www.babyshell.fr\/wp-content\/uploads\/2023\/04\/PACK-MATER-sept24.jpg","type":"image\/jpeg"}],"twitter_card":"summary_large_image","twitter_misc":{"Est. reading time":"5 minutes"},"schema":{"@context":"https:\/\/schema.org","@graph":[{"@type":"WebPage","@id":"https:\/\/www.babyshell.fr\/en\/produit\/baby-shell-pack-breastfeeding\/","url":"https:\/\/www.babyshell.fr\/en\/produit\/baby-shell-pack-breastfeeding\/","name":"BABY SHELL Pack Shells + tea","isPartOf":{"@id":"https:\/\/www.babyshell.fr\/#website"},"primaryImageOfPage":{"@id":"https:\/\/www.babyshell.fr\/en\/produit\/baby-shell-pack-breastfeeding\/#primaryimage"},"image":{"@id":"https:\/\/www.babyshell.fr\/en\/produit\/baby-shell-pack-breastfeeding\/#primaryimage"},"thumbnailUrl":"https:\/\/www.babyshell.fr\/wp-content\/uploads\/2023\/04\/PACK-MATER-sept24.jpg","datePublished":"2023-04-05T10:28:31+00:00","dateModified":"2026-02-05T23:02:22+00:00","description":"Pack Complicit\u00e9 ALLAITEMENT Baby Shell compos\u00e9 d'une paire de coquillages, d'un Tote bag et d'un sachet d\u00e9couverte 25g de tisane ALLAITEMENT BIO Happy Nine","breadcrumb":{"@id":"https:\/\/www.babyshell.fr\/en\/produit\/baby-shell-pack-breastfeeding\/#breadcrumb"},"inLanguage":"en-US","potentialAction":[{"@type":"ReadAction","target":["https:\/\/www.babyshell.fr\/en\/produit\/baby-shell-pack-breastfeeding\/"]}]},{"@type":"ImageObject","inLanguage":"en-US","@id":"https:\/\/www.babyshell.fr\/en\/produit\/baby-shell-pack-breastfeeding\/#primaryimage","url":"https:\/\/www.babyshell.fr\/wp-content\/uploads\/2023\/04\/PACK-MATER-sept24.jpg","contentUrl":"https:\/\/www.babyshell.fr\/wp-content\/uploads\/2023\/04\/PACK-MATER-sept24.jpg","width":1000,"height":1000,"caption":"Le pack complet pour la maman allaitante"},{"@type":"BreadcrumbList","@id":"https:\/\/www.babyshell.fr\/en\/produit\/baby-shell-pack-breastfeeding\/#breadcrumb","itemListElement":[{"@type":"ListItem","position":1,"name":"Accueil","item":"https:\/\/www.babyshell.fr\/en\/"},{"@type":"ListItem","position":2,"name":"Shop","item":"https:\/\/www.babyshell.fr\/en\/shop\/"},{"@type":"ListItem","position":3,"name":"Baby Shell Pack"}]},{"@type":"WebSite","@id":"https:\/\/www.babyshell.fr\/#website","url":"https:\/\/www.babyshell.fr\/","name":"Baby Shell","description":"Breastfeeding shell","potentialAction":[{"@type":"SearchAction","target":{"@type":"EntryPoint","urlTemplate":"https:\/\/www.babyshell.fr\/?s={search_term_string}"},"query-input":{"@type":"PropertyValueSpecification","valueRequired":true,"valueName":"search_term_string"}}],"inLanguage":"en-US"}]}},"tiered_pricing_type":"fixed","tiered_pricing_fixed_rules":[],"tiered_pricing_product_settings":{"layout":"default","base_unit_name":{"singular":null,"plural":null},"default_variation":null},"tiered_pricing_minimum_quantity":null,"tiered_pricing_roles_data":[],"tiered_pricing_percentage_rules":[],"tiered_pricing_maximum_quantity":null,"tiered_pricing_quantity_step":null,"_links":{"self":[{"href":"https:\/\/www.babyshell.fr\/en\/wp-json\/wp\/v2\/product\/34501","targetHints":{"allow":["GET"]}}],"collection":[{"href":"https:\/\/www.babyshell.fr\/en\/wp-json\/wp\/v2\/product"}],"about":[{"href":"https:\/\/www.babyshell.fr\/en\/wp-json\/wp\/v2\/types\/product"}],"replies":[{"embeddable":true,"href":"https:\/\/www.babyshell.fr\/en\/wp-json\/wp\/v2\/comments?post=34501"}],"wp:featuredmedia":[{"embeddable":true,"href":"https:\/\/www.babyshell.fr\/en\/wp-json\/wp\/v2\/media\/38507"}],"wp:attachment":[{"href":"https:\/\/www.babyshell.fr\/en\/wp-json\/wp\/v2\/media?parent=34501"}],"wp:term":[{"taxonomy":"product_brand","embeddable":true,"href":"https:\/\/www.babyshell.fr\/en\/wp-json\/wp\/v2\/product_brand?post=34501"},{"taxonomy":"product_cat","embeddable":true,"href":"https:\/\/www.babyshell.fr\/en\/wp-json\/wp\/v2\/product_cat?post=34501"},{"taxonomy":"product_tag","embeddable":true,"href":"https:\/\/www.babyshell.fr\/en\/wp-json\/wp\/v2\/product_tag?post=34501"}],"curies":[{"name":"wp","href":"https:\/\/api.w.org\/{rel}","templated":true}]}}