{"id":4096,"date":"2018-12-14T16:20:54","date_gmt":"2018-12-14T15:20:54","guid":{"rendered":"https:\/\/www.babyshell.fr\/boutique\/sautoir-nacre\/"},"modified":"2020-01-21T10:37:38","modified_gmt":"2020-01-21T09:37:38","slug":"breastfeeding-neckless","status":"publish","type":"product","link":"https:\/\/www.babyshell.fr\/en\/produit\/breastfeeding-neckless\/","title":{"rendered":"Breastfeeding Neckless"},"content":{"rendered":"<h2>Breastfeeding neckless<\/h2>\n<p>Here is a beautiful jewel of enlightenment and breastfeeding designed to encourage complicity between the parent and his baby.<br \/>\nThis necklace is handcrafted in Baby Shell workshops &#x1f1eb;&#x1f1f7; with Jura natural beech wood beads, natural without varnish and food-grade silicone beads that do not contain PBA. It is mounted on a satin thread and a secure clasp allowing the opening of the collar in case of tension on it.<\/p>\n<p>A nice storage bag will accompany your necklace.<\/p>\n<p>Necklace size: 60cm<\/p>\n<p>Handmade in France &#x1f1eb;&#x1f1f7;<\/p>\n<h3>Advises &amp; recommendations<\/h3>\n<p>It is simply maintained by washing it with a mild soap, rinsing it with clear water and drying it well.<\/p>\n<p>It is recommended to wash it before first use.<\/p>\n<p>It is a jewel to be worn exclusively by an adult and must never be left within reach of the baby or a child without the supervision of an adult.<\/p>\n<p>This jewel is not a toy and it must not be put in the mouth. Child or baby must not wear it.<\/p>\n<p>Always check the condition of your necklace before wearing it, especially the &#8220;free beads&#8221; range.<\/p>\n","protected":false},"excerpt":{"rendered":"<p>Breastfeeding neckless Here is a beautiful jewel of enlightenment and breastfeeding designed to encourage complicity between the parent and his baby. This necklace is handcrafted in Baby Shell workshops &#x1f1eb;&#x1f1f7; with Jura natural beech wood beads, natural without varnish and food-grade silicone beads that do not contain PBA. It is mounted on a satin thread [&hellip;]<\/p>\n","protected":false},"featured_media":8456,"comment_status":"open","ping_status":"closed","template":"","meta":{"_acf_changed":false},"product_brand":[],"product_cat":[107,69],"product_tag":[],"class_list":{"0":"post-4096","1":"product","2":"type-product","3":"status-publish","4":"has-post-thumbnail","6":"product_cat-accessoire-en","7":"product_cat-bijoux-en","9":"first","10":"outofstock","11":"taxable","12":"shipping-taxable","13":"product-type-variable"},"composite_virtual":false,"composite_layout":"","composite_add_to_cart_form_location":"","composite_editable_in_cart":false,"composite_sold_individually_context":"","composite_shop_price_calc":"","composite_components":[],"composite_scenarios":[],"acf":[],"yoast_head":"<!-- This site is optimized with the Yoast SEO plugin v27.2 - https:\/\/yoast.com\/product\/yoast-seo-wordpress\/ -->\n<title>Breastfeeding Neckless pour Baby Shell - Pi\u00e8ce unique en nacre<\/title>\n<meta name=\"description\" content=\"Sautoir compos\u00e9 d&#039;un tr\u00e8s joli m\u00e9daillon orn\u00e9 de petites perles blanches et or et d&#039;un pendentif coquillage en nacre - pi\u00e8ce unique pour BABY SHELL\" \/>\n<meta name=\"robots\" content=\"index, follow, max-snippet:-1, max-image-preview:large, max-video-preview:-1\" \/>\n<link rel=\"canonical\" href=\"https:\/\/www.babyshell.fr\/en\/produit\/breastfeeding-neckless\/\" \/>\n<meta property=\"og:locale\" content=\"en_US\" \/>\n<meta property=\"og:type\" content=\"article\" \/>\n<meta property=\"og:title\" content=\"Breastfeeding Neckless pour Baby Shell - Pi\u00e8ce unique en nacre\" \/>\n<meta property=\"og:description\" content=\"Sautoir compos\u00e9 d&#039;un tr\u00e8s joli m\u00e9daillon orn\u00e9 de petites perles blanches et or et d&#039;un pendentif coquillage en nacre - pi\u00e8ce unique pour BABY SHELL\" \/>\n<meta property=\"og:url\" content=\"https:\/\/www.babyshell.fr\/en\/produit\/breastfeeding-neckless\/\" \/>\n<meta property=\"og:site_name\" content=\"Baby Shell\" \/>\n<meta property=\"article:modified_time\" content=\"2020-01-21T09:37:38+00:00\" \/>\n<meta property=\"og:image\" content=\"https:\/\/www.babyshell.fr\/wp-content\/uploads\/2020\/01\/IMG_5785-scaled.jpg\" \/>\n\t<meta property=\"og:image:width\" content=\"2560\" \/>\n\t<meta property=\"og:image:height\" content=\"2560\" \/>\n\t<meta property=\"og:image:type\" content=\"image\/jpeg\" \/>\n<meta name=\"twitter:card\" content=\"summary_large_image\" \/>\n<meta name=\"twitter:label1\" content=\"Est. reading time\" \/>\n\t<meta name=\"twitter:data1\" content=\"1 minute\" \/>\n<script type=\"application\/ld+json\" class=\"yoast-schema-graph\">{\"@context\":\"https:\/\/schema.org\",\"@graph\":[{\"@type\":\"WebPage\",\"@id\":\"https:\/\/www.babyshell.fr\/en\/produit\/breastfeeding-neckless\/\",\"url\":\"https:\/\/www.babyshell.fr\/en\/produit\/breastfeeding-neckless\/\",\"name\":\"Breastfeeding Neckless pour Baby Shell - Pi\u00e8ce unique en nacre\",\"isPartOf\":{\"@id\":\"https:\/\/www.babyshell.fr\/#website\"},\"primaryImageOfPage\":{\"@id\":\"https:\/\/www.babyshell.fr\/en\/produit\/breastfeeding-neckless\/#primaryimage\"},\"image\":{\"@id\":\"https:\/\/www.babyshell.fr\/en\/produit\/breastfeeding-neckless\/#primaryimage\"},\"thumbnailUrl\":\"https:\/\/www.babyshell.fr\/wp-content\/uploads\/2020\/01\/IMG_5785-scaled.jpg\",\"datePublished\":\"2018-12-14T15:20:54+00:00\",\"dateModified\":\"2020-01-21T09:37:38+00:00\",\"description\":\"Sautoir compos\u00e9 d'un tr\u00e8s joli m\u00e9daillon orn\u00e9 de petites perles blanches et or et d'un pendentif coquillage en nacre - pi\u00e8ce unique pour BABY SHELL\",\"breadcrumb\":{\"@id\":\"https:\/\/www.babyshell.fr\/en\/produit\/breastfeeding-neckless\/#breadcrumb\"},\"inLanguage\":\"en-US\",\"potentialAction\":[{\"@type\":\"ReadAction\",\"target\":[\"https:\/\/www.babyshell.fr\/en\/produit\/breastfeeding-neckless\/\"]}]},{\"@type\":\"ImageObject\",\"inLanguage\":\"en-US\",\"@id\":\"https:\/\/www.babyshell.fr\/en\/produit\/breastfeeding-neckless\/#primaryimage\",\"url\":\"https:\/\/www.babyshell.fr\/wp-content\/uploads\/2020\/01\/IMG_5785-scaled.jpg\",\"contentUrl\":\"https:\/\/www.babyshell.fr\/wp-content\/uploads\/2020\/01\/IMG_5785-scaled.jpg\",\"width\":2560,\"height\":2560,\"caption\":\"Collier d'allaitement Baby Shell\"},{\"@type\":\"BreadcrumbList\",\"@id\":\"https:\/\/www.babyshell.fr\/en\/produit\/breastfeeding-neckless\/#breadcrumb\",\"itemListElement\":[{\"@type\":\"ListItem\",\"position\":1,\"name\":\"Accueil\",\"item\":\"https:\/\/www.babyshell.fr\/en\/\"},{\"@type\":\"ListItem\",\"position\":2,\"name\":\"Shop\",\"item\":\"https:\/\/www.babyshell.fr\/en\/shop\/\"},{\"@type\":\"ListItem\",\"position\":3,\"name\":\"Breastfeeding Neckless\"}]},{\"@type\":\"WebSite\",\"@id\":\"https:\/\/www.babyshell.fr\/#website\",\"url\":\"https:\/\/www.babyshell.fr\/\",\"name\":\"Baby Shell\",\"description\":\"Breastfeeding shell\",\"potentialAction\":[{\"@type\":\"SearchAction\",\"target\":{\"@type\":\"EntryPoint\",\"urlTemplate\":\"https:\/\/www.babyshell.fr\/?s={search_term_string}\"},\"query-input\":{\"@type\":\"PropertyValueSpecification\",\"valueRequired\":true,\"valueName\":\"search_term_string\"}}],\"inLanguage\":\"en-US\"}]}<\/script>\n<!-- \/ Yoast SEO plugin. -->","yoast_head_json":{"title":"Breastfeeding Neckless pour Baby Shell - Pi\u00e8ce unique en nacre","description":"Sautoir compos\u00e9 d'un tr\u00e8s joli m\u00e9daillon orn\u00e9 de petites perles blanches et or et d'un pendentif coquillage en nacre - pi\u00e8ce unique pour BABY SHELL","robots":{"index":"index","follow":"follow","max-snippet":"max-snippet:-1","max-image-preview":"max-image-preview:large","max-video-preview":"max-video-preview:-1"},"canonical":"https:\/\/www.babyshell.fr\/en\/produit\/breastfeeding-neckless\/","og_locale":"en_US","og_type":"article","og_title":"Breastfeeding Neckless pour Baby Shell - Pi\u00e8ce unique en nacre","og_description":"Sautoir compos\u00e9 d'un tr\u00e8s joli m\u00e9daillon orn\u00e9 de petites perles blanches et or et d'un pendentif coquillage en nacre - pi\u00e8ce unique pour BABY SHELL","og_url":"https:\/\/www.babyshell.fr\/en\/produit\/breastfeeding-neckless\/","og_site_name":"Baby Shell","article_modified_time":"2020-01-21T09:37:38+00:00","og_image":[{"width":2560,"height":2560,"url":"https:\/\/www.babyshell.fr\/wp-content\/uploads\/2020\/01\/IMG_5785-scaled.jpg","type":"image\/jpeg"}],"twitter_card":"summary_large_image","twitter_misc":{"Est. reading time":"1 minute"},"schema":{"@context":"https:\/\/schema.org","@graph":[{"@type":"WebPage","@id":"https:\/\/www.babyshell.fr\/en\/produit\/breastfeeding-neckless\/","url":"https:\/\/www.babyshell.fr\/en\/produit\/breastfeeding-neckless\/","name":"Breastfeeding Neckless pour Baby Shell - Pi\u00e8ce unique en nacre","isPartOf":{"@id":"https:\/\/www.babyshell.fr\/#website"},"primaryImageOfPage":{"@id":"https:\/\/www.babyshell.fr\/en\/produit\/breastfeeding-neckless\/#primaryimage"},"image":{"@id":"https:\/\/www.babyshell.fr\/en\/produit\/breastfeeding-neckless\/#primaryimage"},"thumbnailUrl":"https:\/\/www.babyshell.fr\/wp-content\/uploads\/2020\/01\/IMG_5785-scaled.jpg","datePublished":"2018-12-14T15:20:54+00:00","dateModified":"2020-01-21T09:37:38+00:00","description":"Sautoir compos\u00e9 d'un tr\u00e8s joli m\u00e9daillon orn\u00e9 de petites perles blanches et or et d'un pendentif coquillage en nacre - pi\u00e8ce unique pour BABY SHELL","breadcrumb":{"@id":"https:\/\/www.babyshell.fr\/en\/produit\/breastfeeding-neckless\/#breadcrumb"},"inLanguage":"en-US","potentialAction":[{"@type":"ReadAction","target":["https:\/\/www.babyshell.fr\/en\/produit\/breastfeeding-neckless\/"]}]},{"@type":"ImageObject","inLanguage":"en-US","@id":"https:\/\/www.babyshell.fr\/en\/produit\/breastfeeding-neckless\/#primaryimage","url":"https:\/\/www.babyshell.fr\/wp-content\/uploads\/2020\/01\/IMG_5785-scaled.jpg","contentUrl":"https:\/\/www.babyshell.fr\/wp-content\/uploads\/2020\/01\/IMG_5785-scaled.jpg","width":2560,"height":2560,"caption":"Collier d'allaitement Baby Shell"},{"@type":"BreadcrumbList","@id":"https:\/\/www.babyshell.fr\/en\/produit\/breastfeeding-neckless\/#breadcrumb","itemListElement":[{"@type":"ListItem","position":1,"name":"Accueil","item":"https:\/\/www.babyshell.fr\/en\/"},{"@type":"ListItem","position":2,"name":"Shop","item":"https:\/\/www.babyshell.fr\/en\/shop\/"},{"@type":"ListItem","position":3,"name":"Breastfeeding Neckless"}]},{"@type":"WebSite","@id":"https:\/\/www.babyshell.fr\/#website","url":"https:\/\/www.babyshell.fr\/","name":"Baby Shell","description":"Breastfeeding shell","potentialAction":[{"@type":"SearchAction","target":{"@type":"EntryPoint","urlTemplate":"https:\/\/www.babyshell.fr\/?s={search_term_string}"},"query-input":{"@type":"PropertyValueSpecification","valueRequired":true,"valueName":"search_term_string"}}],"inLanguage":"en-US"}]}},"tiered_pricing_type":"fixed","tiered_pricing_fixed_rules":[],"tiered_pricing_product_settings":{"layout":"default","base_unit_name":{"singular":null,"plural":null},"default_variation":null},"tiered_pricing_minimum_quantity":null,"tiered_pricing_roles_data":[],"tiered_pricing_percentage_rules":[],"tiered_pricing_maximum_quantity":null,"tiered_pricing_quantity_step":null,"_links":{"self":[{"href":"https:\/\/www.babyshell.fr\/en\/wp-json\/wp\/v2\/product\/4096","targetHints":{"allow":["GET"]}}],"collection":[{"href":"https:\/\/www.babyshell.fr\/en\/wp-json\/wp\/v2\/product"}],"about":[{"href":"https:\/\/www.babyshell.fr\/en\/wp-json\/wp\/v2\/types\/product"}],"replies":[{"embeddable":true,"href":"https:\/\/www.babyshell.fr\/en\/wp-json\/wp\/v2\/comments?post=4096"}],"wp:featuredmedia":[{"embeddable":true,"href":"https:\/\/www.babyshell.fr\/en\/wp-json\/wp\/v2\/media\/8456"}],"wp:attachment":[{"href":"https:\/\/www.babyshell.fr\/en\/wp-json\/wp\/v2\/media?parent=4096"}],"wp:term":[{"taxonomy":"product_brand","embeddable":true,"href":"https:\/\/www.babyshell.fr\/en\/wp-json\/wp\/v2\/product_brand?post=4096"},{"taxonomy":"product_cat","embeddable":true,"href":"https:\/\/www.babyshell.fr\/en\/wp-json\/wp\/v2\/product_cat?post=4096"},{"taxonomy":"product_tag","embeddable":true,"href":"https:\/\/www.babyshell.fr\/en\/wp-json\/wp\/v2\/product_tag?post=4096"}],"curies":[{"name":"wp","href":"https:\/\/api.w.org\/{rel}","templated":true}]}}